{"id":26,"date":"2019-02-11T16:01:44","date_gmt":"2019-02-11T15:01:44","guid":{"rendered":"http:\/\/local.cloudcuber.com\/de\/?page_id=26"},"modified":"2021-04-01T07:46:18","modified_gmt":"2021-04-01T05:46:18","slug":"ueber-uns","status":"publish","type":"page","link":"https:\/\/www.cloudcuber.com\/de\/ueber-uns\/","title":{"rendered":"\u00dcber O&#038;O"},"content":{"rendered":"<p><\/p>\n<p><img decoding=\"async\" loading=\"lazy\" src=\"\/wp-content\/uploads\/2019\/02\/oosoftware.png\" alt=\"\" width=\"263\" height=\"27\" class=\"alignleft size-full wp-image-92\" \/><\/p>\n<p>&nbsp;<\/p>\n<p><img decoding=\"async\" loading=\"lazy\" src=\"\/wp-content\/uploads\/2019\/02\/amborsigturm.gif\" alt=\"\" width=\"292\" height=\"143\" class=\"alignright size-full wp-image-64\" align=\"right\" \/>Die O&#038;O Software GmbH wurde 1997 von Oliver Falkenthal und Olaf Kehrer in Berlin gegr\u00fcndet. Die Idee zu dem Namen \u201cO&#038;O\u201d entstand bereits 1991 in Form der O&#038;O Systemtechnik GbR, die w\u00e4hrend des Studiums der beiden Gr\u00fcnder PC-Systeme und Software speziell f\u00fcr Studenten anbot. Der Name \u201cO&#038;O\u201d war \u00fcbrigens eine spontane \u00dcberlegung, weil die beiden Vornamen der Gr\u00fcnder mit \u201cO\u201d beginnen. Im Jahre 1998, genauer am 10. Februar, war mit der Ver\u00f6ffentlichung von O&#038;O Defrag V1.0 die Geburtsstunde des heutigen Unternehmens.<\/p>\n<p>Unsere Homepage: <a href=\"https:\/\/www.oo-software.com\/\">https:\/\/www.oo-software.com\/<\/a><\/p>\n<h2>F\u00fchrender Hersteller von Systemwerkzeugen<\/h2>\n<p><img decoding=\"async\" loading=\"lazy\" src=\"\/wp-content\/uploads\/2019\/02\/ooproducts.png\" alt=\"\" width=\"250\" height=\"218\" class=\"alignright size-full wp-image-81\" align=\"right\" \/>Im Laufe der vergangenen Jahre hat sich O&#038;O zu einem Synonym f\u00fcr \u201cTools for Windows\u201d entwickelt und z\u00e4hlt heute mit Kunden und Partnern in mehr als 140 L\u00e4ndern zu einem der f\u00fchrenden Hersteller von Systemwerkzeugen f\u00fcr das Windows-Betriebssystem. Als Microsoft Gold-Partner (die h\u00f6chste Partnerstufe) stehen wir in engem Kontakt mit Microsoft und sind am \u201cPuls der Entwicklung\u201d neuer Windows-Technologien. Wir sind eines der wenigen Unternehmen weltweit, das von Microsoft Basis-Technologien f\u00fcr den Einsatz in seinen Produkten lizenzieren konnte und damit einen entscheidenden Mehrwert f\u00fcr die Kunden bieten kann.<\/p>\n<p>So setzen 76% der im DAX gelisteten Unternehmen bereits O&#038;O Produkte ebenso ein, wie 43% der im \u201cForbes 100 International\u201d gelisteten Unternehmen. Unz\u00e4hlige Auszeichnungen durch die Fachpresse best\u00e4tigen unser Engagement f\u00fcr unsere Kunden. So ist beispielsweise alleine O&#038;O Defrag in den vergangenen Jahren in der nationalen wie internationalen Presse mehrfach zum Testsieger gek\u00fcrt worden und hat eine hervorragende Reputation bei unseren Kunden und IT-Spezialisten.<\/p>\n<h2>Unsere Kunden sparen Zeit und Kosten<\/h2>\n<p>Unser Anspruch ist es, dass sich unsere Kunden auf die f\u00fcr sie wichtigen Dinge konzentrieren k\u00f6nnen und sich keine Gedanken \u00fcber die Wartung ihrer Systeme machen m\u00fcssen. Daf\u00fcr haben wir zahlreiche Werkzeuge entwickelt, die bei der Performanceoptimierung, bei der Datensicherheit und Datensicherung sowie bei der Rettung verlorener Daten helfen. Unsere Produkte und unser Service helfen t\u00e4glichen Millionen von Anwendern Zeit und Kosten zu sparen, so dass sie schneller ihr Ziel erreichen.<br \/>\nDabei adressieren wir nicht nur den Unternehmenskunden, sondern bieten auch Privatanwendern L\u00f6sungen, die das Leben im Digitalzeitalter erheblich vereinfachen. Dazu z\u00e4hlt beispielsweise O&#038;O DiskRecovery, ein Produkt, das quasi auf Knopfdruck erm\u00f6glicht, gel\u00f6schte Bilder von Digitalkameras wiederherzustellen.<\/p>\n<h2>Microsoft-Partner seit \u00fcber 10 Jahren<\/h2>\n<p>Seit zehn Jahren ist die O&#038;O Software GmbH zertifizierter Microsoft-Partner. Aufgrund der herausragenden Leistungen im Bereich der Softwareentwicklung f\u00fcr Windows wurde O&#038;O im Jahr 2003 zum Microsoft Gold Certified Partner\/ISV ernannt, der h\u00f6chsten Auszeichnung f\u00fcr unabh\u00e4ngige Softwarehersteller. Dar\u00fcber hinaus hat O&#038;O f\u00fcr seine Datenrettungs- und Datensicherungsprogramme Teile des Windows-Betriebssystems von Microsoft lizenziert, um einen Rechner von CD-ROM starten zu k\u00f6nnen, ohne dass das Betriebssystem des Rechners ben\u00f6tigt wird.<\/p>","protected":false},"excerpt":{"rendered":"<p>&nbsp; Die O&#038;O Software GmbH wurde 1997 von Oliver Falkenthal und Olaf Kehrer in Berlin gegr\u00fcndet. Die Idee zu dem Namen \u201cO&#038;O\u201d entstand bereits 1991 in Form der O&#038;O Systemtechnik GbR, die w\u00e4hrend des Studiums der beiden Gr\u00fcnder PC-Systeme und Software speziell f\u00fcr Studenten anbot. Der Name \u201cO&#038;O\u201d war \u00fcbrigens eine spontane \u00dcberlegung, weil die [&hellip;]<\/p>\n","protected":false},"author":2,"featured_media":0,"parent":0,"menu_order":0,"comment_status":"closed","ping_status":"closed","template":"","meta":[],"_links":{"self":[{"href":"https:\/\/www.cloudcuber.com\/de\/wp-json\/wp\/v2\/pages\/26"}],"collection":[{"href":"https:\/\/www.cloudcuber.com\/de\/wp-json\/wp\/v2\/pages"}],"about":[{"href":"https:\/\/www.cloudcuber.com\/de\/wp-json\/wp\/v2\/types\/page"}],"author":[{"embeddable":true,"href":"https:\/\/www.cloudcuber.com\/de\/wp-json\/wp\/v2\/users\/2"}],"replies":[{"embeddable":true,"href":"https:\/\/www.cloudcuber.com\/de\/wp-json\/wp\/v2\/comments?post=26"}],"version-history":[{"count":22,"href":"https:\/\/www.cloudcuber.com\/de\/wp-json\/wp\/v2\/pages\/26\/revisions"}],"predecessor-version":[{"id":260,"href":"https:\/\/www.cloudcuber.com\/de\/wp-json\/wp\/v2\/pages\/26\/revisions\/260"}],"wp:attachment":[{"href":"https:\/\/www.cloudcuber.com\/de\/wp-json\/wp\/v2\/media?parent=26"}],"curies":[{"name":"wp","href":"https:\/\/api.w.org\/{rel}","templated":true}]}}