{"id":2,"date":"2019-02-08T13:40:33","date_gmt":"2019-02-08T12:40:33","guid":{"rendered":"https:\/\/wordpress.cloudcuber.com\/?page_id=2"},"modified":"2022-06-29T12:16:02","modified_gmt":"2022-06-29T10:16:02","slug":"beispiel-seite","status":"publish","type":"page","link":"https:\/\/www.cloudcuber.com\/de\/produkt\/","title":{"rendered":"Produktbeschreibung"},"content":{"rendered":"<p><\/p>\n<h1>Was ist CloudCuber?<\/h1>\n<h2>Der aktuelle Stand<\/h2>\n<p>Jeden Tag werden riesige Mengen neuer Daten erzeugt. Nach einer <a href=\"https:\/\/www.seagate.com\/files\/www-content\/our-story\/trends\/files\/idc-seagate-dataage-whitepaper.pdf\" rel=\"noopener\" target=\"_blank\">Studie der IDC im Auftrag von Seagate<\/a> wird im Jahr 2025 das globale Datenvolumen auf 175 Zettabytes* ansteigen. <\/p>\n<p>Mit der zunehmenden Popularit\u00e4t von digitalen Fotos und Videos in hoher Aufl\u00f6sung werden immer mehr Speicherkapazit\u00e4ten ben\u00f6tigt. Auch wenn das Speichern in der Cloud eine gute M\u00f6glichkeit zur Sicherung der Daten ist, so macht es das Teilen dieser Daten in der Familie oder auch von anderen Daten im B\u00fcro zu einem echten Problem, da die Internet-Bandbreiten immer noch nicht ausreichend f\u00fcr solche Datenmengen sind. Daher nutzen viele Leute ein sogenanntes Network Attached Storage (NAS) bei sich zuhause oder im B\u00fcro, um die Daten zu speichern und zu teilen. Diesen Ger\u00e4te sind daf\u00fcr au\u00dferordentlich gut geeignet. <\/p>\n<p>Dennoch ist dies keine echte Backup-L\u00f6sung, da das NAS selbst nicht immun gegen Datenverlust oder einen physischen Schaden ist, selbst wenn man ein Ger\u00e4t mit mehreren Laufwerken verwendet und diese spiegelt.<\/p>\n<p><em>*1 Zettabyte = 1.000.000.000.000.000.000.000 (10<sup>21<\/sup>) Bytes, was ungef\u00e4hr 1 Milliarde Festplatten mit jeweils 1 TB Speicherkapazit\u00e4t entspricht<\/em><\/p>\n<h2>Das Problem<\/h2>\n<p>Anwender speichern ihre Daten zuhause oder im B\u00fcro auf NAS-Ger\u00e4ten. Damit werden diese Ger\u00e4te zu einem einzelnen Ausfallpunkt: Daten k\u00f6nnen aufgrund eines Anwenderfehlers oder aufgrund des Ausfalls der Hardware verloren gehen. Schlimmer noch: das NAS kann gestohlen oder durch ein externes Ereignis wie Feuer oder Wassereinbruch zerst\u00f6rt werden.<\/p>\n<p>Zus\u00e4tzlich erfordert das Hochladen von gro\u00dfen Datenmenge eine kontinuierliche Beaufsichtigung durch den Nutzer und kann sehr viel Zeit in Anspruch nehmen. W\u00e4hrend des Hochladens ist zus\u00e4tzlich die Bandbreite der Internet-Verbindung f\u00fcr andere Dienste stark eingeschr\u00e4nkt.<\/p>\n<h2>Die L\u00f6sung<\/h2>\n<p>CloudCuber ist die perfekte Anwendung, um die Daten Ihres NAS-Ger\u00e4tes sicher und robust in der Cloud zu speichern. CloudCuber k\u00fcmmert sich nicht nur um die automatische Sicherung in die Cloud, sondern erlaubt auch die Erstellung eines Zeitplanes hierf\u00fcr. Somit k\u00f6nnen die Sicherungen in die Zeit verlegt werden, in denen das Internet bei Ihnen zuhause oder im B\u00fcro am wenigsten genutzt wird.<\/p>\n<p>Zus\u00e4tzlich werden alle Daten lokal verschl\u00fcsselt, bevor sie hochgeladen werden. Somit k\u00f6nnen sie weder bei der \u00dcbertragung in die Cloud noch vom Cloud-Storage-Anbieter selbst gelesen werden. Nicht mal die Dateinamen sind dabei erkennbar, denn auch diese k\u00f6nnen schon Hinweise auf sensible Inhalte Ihrer Daten liefern.<\/p>\n<p>Dar\u00fcber hinaus k\u00f6nnen Sie auch ausw\u00e4hlen, ob und wie viele Versionen Ihrer Dateien aufgehoben werden sollen. Sollten sich Dateien bei Ihnen lokal \u00e4ndern, dann werden sie nicht einfach in der Cloud ersetzt, sondern es wird eine entsprechende Version erzeugt. So k\u00f6nnen Sie jederzeit auf eine vorherige Version zur\u00fcckkehren, sollten Sie \u00c4nderungen r\u00fcckg\u00e4ngig machen wollen. Damit erhalten Sie auch einen perfekten Schutz gegen Malware-Angriffe &#8211; insbesondere Ransomware, die Ihre Daten verschl\u00fcsselt und Sie dann erpressen will. Sie k\u00f6nnen in diesem Fall ganz einfach die unverschl\u00fcsselte Version Ihrer Dateien wiederherstellen.<\/p>\n<h2>CloudCuber im Vergleich zu Cloud-Speicher<\/h2>\n<p>Was sind die Unterschiede zwischen CloudCuber und &#8222;regul\u00e4ren&#8220; Cloud-Speicher-Angeboten wie Microsoft OneDrive, Google Drive oder Dropbox?<\/p>\n<p>Zun\u00e4chst, CloudCuber ist eine Sicherung Ihrer Daten. Es macht diese Daten nicht auf anderen Ger\u00e4ten verf\u00fcgbar, weil dies technisch aufgrund der Verschl\u00fcsslungsmethode auch nicht m\u00f6glich ist. Stellen Sie sich CloudCuber als eine Art Tresor f\u00fcr Ihre Daten vor. Nur Sie k\u00f6nnen etwas reinlegen und niemand anderes kann darauf zugreifen. Sie k\u00f6nnen mit CloudCuber Ihre Daten auch nicht teilen, so dass es dadurch robuster gegen versehentliche Datenweitergabe, aber auch gegen Angriffe von au\u00dfen ist. Nur Sie haben den Zugriff und auch nur Sie haben die Zugangsdaten, um Ihre Dateien wiederherstellen zu k\u00f6nnen. <\/p>\n<p>Daher ist CloudCuber auch nicht als Ersatz f\u00fcr einen Cloud-Speicher zu verstehen, sondern als dessen Erg\u00e4nzung, sofern Sie schon einen besitzen. Mit der integrierten Datensicherheit und den entsprechenden Mechanismen minimieren Sie damit das Risiko einen m\u00f6glichen Datenverlustes.<\/p>\n<h2>Nie war es einfach, sich sicher zu f\u00fchlen<\/h2>\n<p>Die Einrichtung von CloudCuber erfordert nur ein paar Schritte: Sie installieren die Anwendung, w\u00e4hlen Ihren Cloud-Speicher-Anbieter aus und erstellen Ihre pers\u00f6nlichen Zugangsdaten. Ihre Dateien auf Ihrem NAS-Ger\u00e4t k\u00f6nnen Sie genauso wie immer nutzen und verwalten. Daran \u00e4ndert sich nichts. Sobald Sie die Sicherung geplant haben, k\u00f6nnen Sie sich zur\u00fccklehnen und den Rest \u00fcbernimmt CloudCuber!<\/p>\n<p>Und sollte Ihr NAS aus irgendeinem Grund nicht mehr funktionst\u00fcchtigt sein, dann ist das kein Problem! Sie ersetzen es einfach durch ein neues Ger\u00e4t, nehmen die Ihnen bekannten Zugangsdaten und Ihre Dateien werden automatisch im Hintergrund wiederherstellt. Sie m\u00fcssen nichts weiter tun. Es war nie einfacher, Ihre digitalen Sch\u00e4tze zu sch\u00fctzen!<\/p>\n<h2>Datensicherheit<\/h2>\n<p>Als deutsches Unternehmen unterliegen wir mit den strengsten Datenschutzanforderungen weltweit. Selbstverst\u00e4ndlich ist CloudCuber DS-GVO-konform und bietet mit seiner weltweit einmaligen lokalen Verschl\u00fcsselung ein absolutes Maximum an Datensicherheit f\u00fcr Sie zuhause und im B\u00fcro. Durch die Verschl\u00fcsselung wird auch ein sog. &#8222;Data Mining&#8220; beim Cloud-Speicher-Anbieter verhindert, da dieser weder die Dateinamen noch die Inhalte der Dateien lesen und verarbeiten kann und erm\u00f6glicht es somit auch Berufsgruppen wie \u00c4rzten oder Anw\u00e4lten, die personenbezogene Daten verarbeiten, eine sichere und rechtskonforme Speicherung ihrer Daten in der Cloud.<\/p>","protected":false},"excerpt":{"rendered":"<p>Was ist CloudCuber? Der aktuelle Stand Jeden Tag werden riesige Mengen neuer Daten erzeugt. Nach einer Studie der IDC im Auftrag von Seagate wird im Jahr 2025 das globale Datenvolumen auf 175 Zettabytes* ansteigen. Mit der zunehmenden Popularit\u00e4t von digitalen Fotos und Videos in hoher Aufl\u00f6sung werden immer mehr Speicherkapazit\u00e4ten ben\u00f6tigt. Auch wenn das Speichern [&hellip;]<\/p>\n","protected":false},"author":1,"featured_media":204,"parent":0,"menu_order":0,"comment_status":"closed","ping_status":"open","template":"","meta":[],"_links":{"self":[{"href":"https:\/\/www.cloudcuber.com\/de\/wp-json\/wp\/v2\/pages\/2"}],"collection":[{"href":"https:\/\/www.cloudcuber.com\/de\/wp-json\/wp\/v2\/pages"}],"about":[{"href":"https:\/\/www.cloudcuber.com\/de\/wp-json\/wp\/v2\/types\/page"}],"author":[{"embeddable":true,"href":"https:\/\/www.cloudcuber.com\/de\/wp-json\/wp\/v2\/users\/1"}],"replies":[{"embeddable":true,"href":"https:\/\/www.cloudcuber.com\/de\/wp-json\/wp\/v2\/comments?post=2"}],"version-history":[{"count":23,"href":"https:\/\/www.cloudcuber.com\/de\/wp-json\/wp\/v2\/pages\/2\/revisions"}],"predecessor-version":[{"id":291,"href":"https:\/\/www.cloudcuber.com\/de\/wp-json\/wp\/v2\/pages\/2\/revisions\/291"}],"wp:featuredmedia":[{"embeddable":true,"href":"https:\/\/www.cloudcuber.com\/de\/wp-json\/wp\/v2\/media\/204"}],"wp:attachment":[{"href":"https:\/\/www.cloudcuber.com\/de\/wp-json\/wp\/v2\/media?parent=2"}],"curies":[{"name":"wp","href":"https:\/\/api.w.org\/{rel}","templated":true}]}}