{"id":10,"date":"2019-02-11T15:20:16","date_gmt":"2019-02-11T14:20:16","guid":{"rendered":"http:\/\/local.cloudcuber.com\/?page_id=10"},"modified":"2021-04-23T10:40:25","modified_gmt":"2021-04-23T08:40:25","slug":"cloudcuber","status":"publish","type":"page","link":"https:\/\/www.cloudcuber.com\/de\/","title":{"rendered":"\u00dcbersicht"},"content":{"rendered":"<p><\/p>\n<h1>Das sichere und verschl\u00fcsselte Cloud-Backup f\u00fcr Ihr NAS<\/h1>\n<p>CloudCuber automatisiert die Sicherungen von NAS-Ger\u00e4ten in die Cloud. Dabei werden alle Daten lokal verschl\u00fcsselt, so dass der Cloud-Speicher-Anbieter weder die Inhalte noch die Namen der Dateien erkennen oder auswerten kann. Durch die automatische Versionierung kann auf vorherige Versionen der Dateien zugegriffen werden und somit ein versehentliches L\u00f6schen oder ein Angriff durch Schadsoftware verhindert werden.<\/p>\n<p>CloudCuber ist die perfekte Erg\u00e4nzung f\u00fcr Ihre NAS-Kunden, um sie in die Cloud zu bringen. Oder auch andersherum: wenn Sie bereits Kunden mit Cloud-Speicher haben, warum ihnen dann nicht diese lokal zur Verf\u00fcgung stellen und somit die Synchronisation der Daten mit wenigen Mausklicks zu erm\u00f6glichen!<\/p>\n<p>Erfahren Sie mehr \u00fcber unser <a href=\"\/de\/verfuegbarkeit\/\">Angebot f\u00fcr OEM-Partner<\/a>.<\/p>","protected":false},"excerpt":{"rendered":"<p>Das sichere und verschl\u00fcsselte Cloud-Backup f\u00fcr Ihr NAS CloudCuber automatisiert die Sicherungen von NAS-Ger\u00e4ten in die Cloud. Dabei werden alle Daten lokal verschl\u00fcsselt, so dass der Cloud-Speicher-Anbieter weder die Inhalte noch die Namen der Dateien erkennen oder auswerten kann. Durch die automatische Versionierung kann auf vorherige Versionen der Dateien zugegriffen werden und somit ein versehentliches [&hellip;]<\/p>\n","protected":false},"author":2,"featured_media":203,"parent":0,"menu_order":0,"comment_status":"closed","ping_status":"closed","template":"","meta":[],"_links":{"self":[{"href":"https:\/\/www.cloudcuber.com\/de\/wp-json\/wp\/v2\/pages\/10"}],"collection":[{"href":"https:\/\/www.cloudcuber.com\/de\/wp-json\/wp\/v2\/pages"}],"about":[{"href":"https:\/\/www.cloudcuber.com\/de\/wp-json\/wp\/v2\/types\/page"}],"author":[{"embeddable":true,"href":"https:\/\/www.cloudcuber.com\/de\/wp-json\/wp\/v2\/users\/2"}],"replies":[{"embeddable":true,"href":"https:\/\/www.cloudcuber.com\/de\/wp-json\/wp\/v2\/comments?post=10"}],"version-history":[{"count":7,"href":"https:\/\/www.cloudcuber.com\/de\/wp-json\/wp\/v2\/pages\/10\/revisions"}],"predecessor-version":[{"id":276,"href":"https:\/\/www.cloudcuber.com\/de\/wp-json\/wp\/v2\/pages\/10\/revisions\/276"}],"wp:featuredmedia":[{"embeddable":true,"href":"https:\/\/www.cloudcuber.com\/de\/wp-json\/wp\/v2\/media\/203"}],"wp:attachment":[{"href":"https:\/\/www.cloudcuber.com\/de\/wp-json\/wp\/v2\/media?parent=10"}],"curies":[{"name":"wp","href":"https:\/\/api.w.org\/{rel}","templated":true}]}}